{"id":731,"date":"2016-09-16T17:26:14","date_gmt":"2016-09-16T15:26:14","guid":{"rendered":"http:\/\/kolkwaterconsultancy.com\/preview\/nl\/?page_id=731"},"modified":"2021-08-06T17:31:15","modified_gmt":"2021-08-06T15:31:15","slug":"pharma","status":"publish","type":"page","link":"https:\/\/kolkwaterconsultancy.com\/nl\/sectoren\/pharma","title":{"rendered":"Pharma"},"content":{"rendered":"<blockquote><p>Met een wereldwijde jaaromzet van meer dan\u00a0\u20ac 700 miljard is de farmaceutische industrie \u00e9\u00e9n van de grootste\u00a0industri\u00eble sectoren. Waterbehandeling wordt steeds belangrijker in deze industrie.<\/p><\/blockquote>\n<h4>Top 20 grootste bedrijven<\/h4>\n<p>Kolk Water Consultancy heeft voor de top 20 grootste\u00a0farmaceutische bedrijven gewerkt aan waterbehandelingsinstallaties, zowel in Europa als in\u00a0Zuidoost-Azi\u00eb. Wij bieden ondersteuning bij de implementatie van systeemvalidatie voor installaties zoals:<\/p>\n<p>&#8211; Purified Water Installations (PW-installatie)<br \/>\n&#8211; Clean Steam Generation (CSG)<br \/>\n&#8211; Water for Injection (WFI)<br \/>\n&#8211; Decontamination tot en met BSL3.<\/p>\n<h4>Ervaring<\/h4>\n<p>Kolk Water Consultancy heeft 29 jaar ervaring met waterbehandelingsprojecten in de farmaceutische industrie. Neem <a href=\"http:\/\/kolkwaterconsultancy.com\/nl\/contact\">contact<\/a> op voor meer informatie.<\/p>\n","protected":false},"excerpt":{"rendered":"<p>Met een wereldwijde jaaromzet van meer dan\u00a0\u20ac 700 miljard is de farmaceutische industrie \u00e9\u00e9n van de grootste\u00a0industri\u00eble sectoren. Waterbehandeling wordt steeds belangrijker in deze industrie. Top 20 grootste bedrijven Kolk Water Consultancy heeft voor de top 20 grootste\u00a0farmaceutische bedrijven gewerkt aan waterbehandelingsinstallaties, zowel in Europa als in\u00a0Zuidoost-Azi\u00eb. Wij bieden ondersteuning bij de implementatie van systeemvalidatie [&hellip;]<\/p>\n","protected":false},"author":2,"featured_media":365,"parent":53,"menu_order":1,"comment_status":"closed","ping_status":"closed","template":"","meta":{"_acf_changed":false,"footnotes":""},"class_list":["post-731","page","type-page","status-publish","has-post-thumbnail","hentry"],"acf":[],"yoast_head":"<!-- This site is optimized with the Yoast SEO plugin v27.3 - https:\/\/yoast.com\/product\/yoast-seo-wordpress\/ -->\n<title>Pharma - Kolk Water Consultancy<\/title>\n<meta name=\"description\" content=\"Met een wereldwijde jaaromzet van meer dan \u20ac 700 miljard is de farmaceutische industrie \u00e9\u00e9n van de grootste industri\u00eble sectoren. Waterbehandeling wordt...\" \/>\n<meta name=\"robots\" content=\"index, follow, max-snippet:-1, max-image-preview:large, max-video-preview:-1\" \/>\n<link rel=\"canonical\" href=\"https:\/\/kolkwaterconsultancy.com\/nl\/sectoren\/pharma\" \/>\n<meta property=\"og:locale\" content=\"nl_NL\" \/>\n<meta property=\"og:type\" content=\"article\" \/>\n<meta property=\"og:title\" content=\"Pharma - Kolk Water Consultancy\" \/>\n<meta property=\"og:description\" content=\"Met een wereldwijde jaaromzet van meer dan \u20ac 700 miljard is de farmaceutische industrie \u00e9\u00e9n van de grootste industri\u00eble sectoren. Waterbehandeling wordt...\" \/>\n<meta property=\"og:url\" content=\"https:\/\/kolkwaterconsultancy.com\/nl\/sectoren\/pharma\" \/>\n<meta property=\"og:site_name\" content=\"Kolk Water Consultancy\" \/>\n<meta property=\"article:modified_time\" content=\"2021-08-06T15:31:15+00:00\" \/>\n<meta property=\"og:image\" content=\"https:\/\/kolkwaterconsultancy.com\/wp-content\/uploads\/2016\/06\/singapore-kolk-water-consultancy-small-1.jpg\" \/>\n\t<meta property=\"og:image:width\" content=\"1840\" \/>\n\t<meta property=\"og:image:height\" content=\"412\" \/>\n\t<meta property=\"og:image:type\" content=\"image\/jpeg\" \/>\n<meta name=\"twitter:card\" content=\"summary_large_image\" \/>\n<script type=\"application\/ld+json\" class=\"yoast-schema-graph\">{\"@context\":\"https:\\\/\\\/schema.org\",\"@graph\":[{\"@type\":\"WebPage\",\"@id\":\"https:\\\/\\\/kolkwaterconsultancy.com\\\/nl\\\/sectoren\\\/pharma\",\"url\":\"https:\\\/\\\/kolkwaterconsultancy.com\\\/nl\\\/sectoren\\\/pharma\",\"name\":\"Pharma - Kolk Water Consultancy\",\"isPartOf\":{\"@id\":\"https:\\\/\\\/kolkwaterconsultancy.com\\\/nl#website\"},\"primaryImageOfPage\":{\"@id\":\"https:\\\/\\\/kolkwaterconsultancy.com\\\/nl\\\/sectoren\\\/pharma#primaryimage\"},\"image\":{\"@id\":\"https:\\\/\\\/kolkwaterconsultancy.com\\\/nl\\\/sectoren\\\/pharma#primaryimage\"},\"thumbnailUrl\":\"https:\\\/\\\/kolkwaterconsultancy.com\\\/wp-content\\\/uploads\\\/2016\\\/06\\\/singapore-kolk-water-consultancy-small-1.jpg\",\"datePublished\":\"2016-09-16T15:26:14+00:00\",\"dateModified\":\"2021-08-06T15:31:15+00:00\",\"description\":\"Met een wereldwijde jaaromzet van meer dan \u20ac 700 miljard is de farmaceutische industrie \u00e9\u00e9n van de grootste industri\u00eble sectoren. Waterbehandeling wordt...\",\"breadcrumb\":{\"@id\":\"https:\\\/\\\/kolkwaterconsultancy.com\\\/nl\\\/sectoren\\\/pharma#breadcrumb\"},\"inLanguage\":\"nl-NL\",\"potentialAction\":[{\"@type\":\"ReadAction\",\"target\":[\"https:\\\/\\\/kolkwaterconsultancy.com\\\/nl\\\/sectoren\\\/pharma\"]}]},{\"@type\":\"ImageObject\",\"inLanguage\":\"nl-NL\",\"@id\":\"https:\\\/\\\/kolkwaterconsultancy.com\\\/nl\\\/sectoren\\\/pharma#primaryimage\",\"url\":\"https:\\\/\\\/kolkwaterconsultancy.com\\\/wp-content\\\/uploads\\\/2016\\\/06\\\/singapore-kolk-water-consultancy-small-1.jpg\",\"contentUrl\":\"https:\\\/\\\/kolkwaterconsultancy.com\\\/wp-content\\\/uploads\\\/2016\\\/06\\\/singapore-kolk-water-consultancy-small-1.jpg\",\"width\":1840,\"height\":412},{\"@type\":\"BreadcrumbList\",\"@id\":\"https:\\\/\\\/kolkwaterconsultancy.com\\\/nl\\\/sectoren\\\/pharma#breadcrumb\",\"itemListElement\":[{\"@type\":\"ListItem\",\"position\":1,\"name\":\"Home\",\"item\":\"https:\\\/\\\/kolkwaterconsultancy.com\\\/nl\"},{\"@type\":\"ListItem\",\"position\":2,\"name\":\"Sectoren\",\"item\":\"https:\\\/\\\/kolkwaterconsultancy.com\\\/nl\\\/sectoren\"},{\"@type\":\"ListItem\",\"position\":3,\"name\":\"Pharma\"}]},{\"@type\":\"WebSite\",\"@id\":\"https:\\\/\\\/kolkwaterconsultancy.com\\\/nl#website\",\"url\":\"https:\\\/\\\/kolkwaterconsultancy.com\\\/nl\",\"name\":\"Kolk Water Consultancy\",\"description\":\"Expert in waterbehandeling\",\"potentialAction\":[{\"@type\":\"SearchAction\",\"target\":{\"@type\":\"EntryPoint\",\"urlTemplate\":\"https:\\\/\\\/kolkwaterconsultancy.com\\\/nl?s={search_term_string}\"},\"query-input\":{\"@type\":\"PropertyValueSpecification\",\"valueRequired\":true,\"valueName\":\"search_term_string\"}}],\"inLanguage\":\"nl-NL\"}]}<\/script>\n<!-- \/ Yoast SEO plugin. -->","yoast_head_json":{"title":"Pharma - Kolk Water Consultancy","description":"Met een wereldwijde jaaromzet van meer dan \u20ac 700 miljard is de farmaceutische industrie \u00e9\u00e9n van de grootste industri\u00eble sectoren. Waterbehandeling wordt...","robots":{"index":"index","follow":"follow","max-snippet":"max-snippet:-1","max-image-preview":"max-image-preview:large","max-video-preview":"max-video-preview:-1"},"canonical":"https:\/\/kolkwaterconsultancy.com\/nl\/sectoren\/pharma","og_locale":"nl_NL","og_type":"article","og_title":"Pharma - Kolk Water Consultancy","og_description":"Met een wereldwijde jaaromzet van meer dan \u20ac 700 miljard is de farmaceutische industrie \u00e9\u00e9n van de grootste industri\u00eble sectoren. Waterbehandeling wordt...","og_url":"https:\/\/kolkwaterconsultancy.com\/nl\/sectoren\/pharma","og_site_name":"Kolk Water Consultancy","article_modified_time":"2021-08-06T15:31:15+00:00","og_image":[{"width":1840,"height":412,"url":"https:\/\/kolkwaterconsultancy.com\/wp-content\/uploads\/2016\/06\/singapore-kolk-water-consultancy-small-1.jpg","type":"image\/jpeg"}],"twitter_card":"summary_large_image","schema":{"@context":"https:\/\/schema.org","@graph":[{"@type":"WebPage","@id":"https:\/\/kolkwaterconsultancy.com\/nl\/sectoren\/pharma","url":"https:\/\/kolkwaterconsultancy.com\/nl\/sectoren\/pharma","name":"Pharma - Kolk Water Consultancy","isPartOf":{"@id":"https:\/\/kolkwaterconsultancy.com\/nl#website"},"primaryImageOfPage":{"@id":"https:\/\/kolkwaterconsultancy.com\/nl\/sectoren\/pharma#primaryimage"},"image":{"@id":"https:\/\/kolkwaterconsultancy.com\/nl\/sectoren\/pharma#primaryimage"},"thumbnailUrl":"https:\/\/kolkwaterconsultancy.com\/wp-content\/uploads\/2016\/06\/singapore-kolk-water-consultancy-small-1.jpg","datePublished":"2016-09-16T15:26:14+00:00","dateModified":"2021-08-06T15:31:15+00:00","description":"Met een wereldwijde jaaromzet van meer dan \u20ac 700 miljard is de farmaceutische industrie \u00e9\u00e9n van de grootste industri\u00eble sectoren. Waterbehandeling wordt...","breadcrumb":{"@id":"https:\/\/kolkwaterconsultancy.com\/nl\/sectoren\/pharma#breadcrumb"},"inLanguage":"nl-NL","potentialAction":[{"@type":"ReadAction","target":["https:\/\/kolkwaterconsultancy.com\/nl\/sectoren\/pharma"]}]},{"@type":"ImageObject","inLanguage":"nl-NL","@id":"https:\/\/kolkwaterconsultancy.com\/nl\/sectoren\/pharma#primaryimage","url":"https:\/\/kolkwaterconsultancy.com\/wp-content\/uploads\/2016\/06\/singapore-kolk-water-consultancy-small-1.jpg","contentUrl":"https:\/\/kolkwaterconsultancy.com\/wp-content\/uploads\/2016\/06\/singapore-kolk-water-consultancy-small-1.jpg","width":1840,"height":412},{"@type":"BreadcrumbList","@id":"https:\/\/kolkwaterconsultancy.com\/nl\/sectoren\/pharma#breadcrumb","itemListElement":[{"@type":"ListItem","position":1,"name":"Home","item":"https:\/\/kolkwaterconsultancy.com\/nl"},{"@type":"ListItem","position":2,"name":"Sectoren","item":"https:\/\/kolkwaterconsultancy.com\/nl\/sectoren"},{"@type":"ListItem","position":3,"name":"Pharma"}]},{"@type":"WebSite","@id":"https:\/\/kolkwaterconsultancy.com\/nl#website","url":"https:\/\/kolkwaterconsultancy.com\/nl","name":"Kolk Water Consultancy","description":"Expert in waterbehandeling","potentialAction":[{"@type":"SearchAction","target":{"@type":"EntryPoint","urlTemplate":"https:\/\/kolkwaterconsultancy.com\/nl?s={search_term_string}"},"query-input":{"@type":"PropertyValueSpecification","valueRequired":true,"valueName":"search_term_string"}}],"inLanguage":"nl-NL"}]}},"_links":{"self":[{"href":"https:\/\/kolkwaterconsultancy.com\/nl\/wp-json\/wp\/v2\/pages\/731","targetHints":{"allow":["GET"]}}],"collection":[{"href":"https:\/\/kolkwaterconsultancy.com\/nl\/wp-json\/wp\/v2\/pages"}],"about":[{"href":"https:\/\/kolkwaterconsultancy.com\/nl\/wp-json\/wp\/v2\/types\/page"}],"author":[{"embeddable":true,"href":"https:\/\/kolkwaterconsultancy.com\/nl\/wp-json\/wp\/v2\/users\/2"}],"replies":[{"embeddable":true,"href":"https:\/\/kolkwaterconsultancy.com\/nl\/wp-json\/wp\/v2\/comments?post=731"}],"version-history":[{"count":28,"href":"https:\/\/kolkwaterconsultancy.com\/nl\/wp-json\/wp\/v2\/pages\/731\/revisions"}],"predecessor-version":[{"id":1283,"href":"https:\/\/kolkwaterconsultancy.com\/nl\/wp-json\/wp\/v2\/pages\/731\/revisions\/1283"}],"up":[{"embeddable":true,"href":"https:\/\/kolkwaterconsultancy.com\/nl\/wp-json\/wp\/v2\/pages\/53"}],"wp:featuredmedia":[{"embeddable":true,"href":"https:\/\/kolkwaterconsultancy.com\/nl\/wp-json\/wp\/v2\/media\/365"}],"wp:attachment":[{"href":"https:\/\/kolkwaterconsultancy.com\/nl\/wp-json\/wp\/v2\/media?parent=731"}],"curies":[{"name":"wp","href":"https:\/\/api.w.org\/{rel}","templated":true}]}}